{"id":16,"date":"2024-02-22T16:22:10","date_gmt":"2024-02-22T13:22:10","guid":{"rendered":"https:\/\/ismailenesayhan.com\/?page_id=16"},"modified":"2024-06-18T20:14:40","modified_gmt":"2024-06-18T17:14:40","slug":"yazilarim","status":"publish","type":"page","link":"https:\/\/ismailenesayhan.com\/en\/yazilarim\/","title":{"rendered":"Blog"},"content":{"rendered":"<section class=\"l-section wpb_row us_custom_e33a8179 us_animate_this height_large\"><div class=\"l-section-h i-cf\"><div class=\"g-cols vc_row via_flex valign_top type_default stacking_default\"><div class=\"vc_col-sm-12 wpb_column vc_column_container\"><div class=\"vc_column-inner\"><div class=\"wpb_wrapper\"><div class=\"w-hwrapper valign_middle align_center\"><h1 class=\"w-post-elm post_title us_custom_5a39f4f1 align_center entry-title color_link_inherit\">Yaz\u0131lar\u0131m<\/h1><\/div><div class=\"w-separator size_medium\"><\/div><form class=\"w-filter for_grid state_desktop us-field-style_1 us_custom_b4198c51 hide_on_tablets hide_on_mobiles layout_hor items_1 mod_side style_switch_trendy align_center drop_on_hover hide_item_title\" action onsubmit=\"return false;\" onclick='return {&quot;filterPrefix&quot;:&quot;filter&quot;,&quot;hideDisabledValues&quot;:false,&quot;layout&quot;:&quot;hor&quot;,&quot;mobileWidth&quot;:0,&quot;use_grid&quot;:&quot;first&quot;,&quot;gridNotFoundMessage&quot;:&quot;Nothing to filter. Add a suitable Grid to this page.&quot;}'><div class=\"w-filter-list\"><div class=\"w-filter-item type_radio\" data-source=\"tax|category\"><button class=\"w-filter-item-title\">Category<span><\/span><\/button><a class=\"w-filter-item-reset\" href=\"#\" title=\"Reset\"><span>Reset<\/span><\/a><div class=\"w-filter-item-content\"><div class=\"w-filter-item-values\" data-maxheight=\"40vh\" style=\"max-height:40vh\"><div class=\"w-filter-item-value selected\"><label><input type=\"radio\" value=\"*\" name=\"filter_category\" checked='checked'><span class=\"w-filter-item-value-label\">All<\/span><\/label><\/div><div class=\"w-filter-item-value\" data-item-amount=\"1\"><label><input type=\"radio\" value=\"sunucu\" name=\"filter_category\"><span class=\"w-filter-item-value-label\">Sunucu<\/span><span class=\"w-filter-item-value-amount\">1<\/span><\/label><\/div><div class=\"w-filter-item-value\" data-item-amount=\"3\"><label><input type=\"radio\" value=\"web-tasarim\" name=\"filter_category\"><span class=\"w-filter-item-value-label\">Web Tasar\u0131m<\/span><span class=\"w-filter-item-value-amount\">3<\/span><\/label><\/div><\/div><\/div><\/div><\/div><div class=\"w-filter-json-filters-args hidden\" onclick='return {&quot;taxonomies_query_args&quot;:{&quot;tax|category&quot;:{&quot;blog&quot;:{&quot;fields&quot;:&quot;ids&quot;,&quot;nopaging&quot;:true,&quot;post_status&quot;:[&quot;publish&quot;,&quot;acf-disabled&quot;,&quot;inherit&quot;],&quot;post_type&quot;:[],&quot;posts_per_page&quot;:1,&quot;suppress_filters&quot;:true,&quot;tax_query&quot;:[{&quot;taxonomy&quot;:&quot;category&quot;,&quot;field&quot;:&quot;slug&quot;,&quot;terms&quot;:&quot;blog&quot;}]},&quot;kisisel&quot;:{&quot;fields&quot;:&quot;ids&quot;,&quot;nopaging&quot;:true,&quot;post_status&quot;:[&quot;publish&quot;,&quot;acf-disabled&quot;,&quot;inherit&quot;],&quot;post_type&quot;:[],&quot;posts_per_page&quot;:1,&quot;suppress_filters&quot;:true,&quot;tax_query&quot;:[{&quot;taxonomy&quot;:&quot;category&quot;,&quot;field&quot;:&quot;slug&quot;,&quot;terms&quot;:&quot;kisisel&quot;}]},&quot;sunucu&quot;:{&quot;fields&quot;:&quot;ids&quot;,&quot;nopaging&quot;:true,&quot;post_status&quot;:[&quot;publish&quot;,&quot;acf-disabled&quot;,&quot;inherit&quot;],&quot;post_type&quot;:[],&quot;posts_per_page&quot;:1,&quot;suppress_filters&quot;:true,&quot;tax_query&quot;:[{&quot;taxonomy&quot;:&quot;category&quot;,&quot;field&quot;:&quot;slug&quot;,&quot;terms&quot;:&quot;sunucu&quot;}]},&quot;tasarim&quot;:{&quot;fields&quot;:&quot;ids&quot;,&quot;nopaging&quot;:true,&quot;post_status&quot;:[&quot;publish&quot;,&quot;acf-disabled&quot;,&quot;inherit&quot;],&quot;post_type&quot;:[],&quot;posts_per_page&quot;:1,&quot;suppress_filters&quot;:true,&quot;tax_query&quot;:[{&quot;taxonomy&quot;:&quot;category&quot;,&quot;field&quot;:&quot;slug&quot;,&quot;terms&quot;:&quot;tasarim&quot;}]},&quot;web-tasarim&quot;:{&quot;fields&quot;:&quot;ids&quot;,&quot;nopaging&quot;:true,&quot;post_status&quot;:[&quot;publish&quot;,&quot;acf-disabled&quot;,&quot;inherit&quot;],&quot;post_type&quot;:[],&quot;posts_per_page&quot;:1,&quot;suppress_filters&quot;:true,&quot;tax_query&quot;:[{&quot;taxonomy&quot;:&quot;category&quot;,&quot;field&quot;:&quot;slug&quot;,&quot;terms&quot;:&quot;web-tasarim&quot;}]},&quot;wordpress&quot;:{&quot;fields&quot;:&quot;ids&quot;,&quot;nopaging&quot;:true,&quot;post_status&quot;:[&quot;publish&quot;,&quot;acf-disabled&quot;,&quot;inherit&quot;],&quot;post_type&quot;:[],&quot;posts_per_page&quot;:1,&quot;suppress_filters&quot;:true,&quot;tax_query&quot;:[{&quot;taxonomy&quot;:&quot;category&quot;,&quot;field&quot;:&quot;slug&quot;,&quot;terms&quot;:&quot;wordpress&quot;}]}}}}'><\/div><\/form><\/div><\/div><\/div><\/div><\/div><\/section><section class=\"l-section wpb_row us_custom_f1a4f275 us_animate_this height_auto\"><div class=\"l-section-h i-cf\"><div class=\"g-cols vc_row via_flex valign_top type_default stacking_default\"><div class=\"vc_col-sm-12 wpb_column vc_column_container\"><div class=\"vc_column-inner\"><div class=\"wpb_wrapper\"><div class=\"w-grid us_grid type_grid layout_153 cols_3 pagination_regular preload_style_spinner with_css_animation\" id=\"us_grid_1\" style=\"--columns:3;--gap:1rem;\" data-filterable=\"true\"><style>@media (max-width:1024px){#us_grid_1{--columns:2!important}}@media (max-width:600px){#us_grid_1{--columns:1!important}}.layout_153 .w-grid-item-h{}.layout_153 .usg_post_image_1{margin-bottom:1rem!important}.layout_153 .usg_post_title_1{font-size:1.2rem!important;line-height:1.5!important;font-weight:500!important;margin-bottom:.4rem!important}.layout_153 .usg_post_taxonomy_1{color:rgba(0,0,0,0.55)!important;font-size:1.2rem!important}<\/style><div class=\"w-grid-list\">\t<article class=\"w-grid-item us_animate_afb size_1x1 post-129 post type-post status-publish format-standard has-post-thumbnail hentry category-sunucu\" data-id=\"129\" style=\"animation-delay:0s\">\r\n\t\t<div class=\"w-grid-item-h\">\r\n\t\t\t\t\t\t\t<a href=\"https:\/\/ismailenesayhan.com\/en\/cpanel-uzerinde-https-301-yonlendirmesi-nasil-yapilir\/\" class=\"w-grid-item-anchor\" aria-label=\"CPanel \u00fczerinde Https 301 y\u00f6nlendirmesi nas\u0131l yap\u0131l\u0131r?\"><\/a>\r\n\t\t\t\t\t\t<div class=\"w-post-elm post_image usg_post_image_1 has_ratio\"><img loading=\"lazy\" decoding=\"async\" width=\"1024\" height=\"1024\" src=\"https:\/\/ismailenesayhan.com\/wp-content\/uploads\/2023\/02\/301-redirect.jpeg\" class=\"attachment-large size-large wp-post-image\" alt=\"\" \/><div style=\"padding-bottom:75%\"><\/div><\/div><h2 class=\"w-post-elm post_title usg_post_title_1 entry-title color_link_inherit\">CPanel \u00fczerinde Https 301 y\u00f6nlendirmesi nas\u0131l yap\u0131l\u0131r?<\/h2><div class=\"w-post-elm post_taxonomy usg_post_taxonomy_1 has_text_color style_simple\"><span class=\"term-9 term-sunucu\">Sunucu<\/span><\/div>\t\t<\/div>\r\n\t\t\t<\/article>\r\n\t<article class=\"w-grid-item us_animate_afb size_1x1 post-121 post type-post status-publish format-standard has-post-thumbnail hentry category-web-tasarim\" data-id=\"121\" style=\"animation-delay:0.1s\">\r\n\t\t<div class=\"w-grid-item-h\">\r\n\t\t\t\t\t\t\t<a href=\"https:\/\/ismailenesayhan.com\/en\/google-workspace-gruplarin-e-posta-almasini-saglayin\/\" class=\"w-grid-item-anchor\" aria-label=\"Google Workspace Gruplar\u0131n E-posta almas\u0131n\u0131 Sa\u011flay\u0131n\"><\/a>\r\n\t\t\t\t\t\t<div class=\"w-post-elm post_image usg_post_image_1 has_ratio\"><img loading=\"lazy\" decoding=\"async\" width=\"1024\" height=\"1024\" src=\"https:\/\/ismailenesayhan.com\/wp-content\/uploads\/2023\/01\/email-groups.jpeg\" class=\"attachment-large size-large wp-post-image\" alt=\"\" \/><div style=\"padding-bottom:75%\"><\/div><\/div><h2 class=\"w-post-elm post_title usg_post_title_1 entry-title color_link_inherit\">Google Workspace Gruplar\u0131n E-posta almas\u0131n\u0131 Sa\u011flay\u0131n<\/h2><div class=\"w-post-elm post_taxonomy usg_post_taxonomy_1 has_text_color style_simple\"><span class=\"term-8 term-web-tasarim\">Web Tasar\u0131m<\/span><\/div>\t\t<\/div>\r\n\t\t\t<\/article>\r\n\t<article class=\"w-grid-item us_animate_afb size_1x1 post-115 post type-post status-publish format-standard has-post-thumbnail hentry category-web-tasarim\" data-id=\"115\" style=\"animation-delay:0.2s\">\r\n\t\t<div class=\"w-grid-item-h\">\r\n\t\t\t\t\t\t\t<a href=\"https:\/\/ismailenesayhan.com\/en\/tam-ekran-arkaplan-resimleri-icin-mobil-uyumluluk\/\" class=\"w-grid-item-anchor\" aria-label=\"Tam Ekran Arkaplan Resimleri \u0130\u00e7in Mobil Uyumluluk\"><\/a>\r\n\t\t\t\t\t\t<div class=\"w-post-elm post_image usg_post_image_1 has_ratio\"><img loading=\"lazy\" decoding=\"async\" width=\"1024\" height=\"1024\" src=\"https:\/\/ismailenesayhan.com\/wp-content\/uploads\/2021\/01\/mobile-responsive.jpeg\" class=\"attachment-large size-large wp-post-image\" alt=\"\" \/><div style=\"padding-bottom:75%\"><\/div><\/div><h2 class=\"w-post-elm post_title usg_post_title_1 entry-title color_link_inherit\">Tam Ekran Arkaplan Resimleri \u0130\u00e7in Mobil Uyumluluk<\/h2><div class=\"w-post-elm post_taxonomy usg_post_taxonomy_1 has_text_color style_simple\"><span class=\"term-8 term-web-tasarim\">Web Tasar\u0131m<\/span><\/div>\t\t<\/div>\r\n\t\t\t<\/article>\r\n\t<article class=\"w-grid-item us_animate_afb size_1x1 post-90 post type-post status-publish format-standard has-post-thumbnail hentry category-web-tasarim\" data-id=\"90\" style=\"animation-delay:0.3s\">\r\n\t\t<div class=\"w-grid-item-h\">\r\n\t\t\t\t\t\t\t<a href=\"https:\/\/ismailenesayhan.com\/en\/no-script-etiket-tasarimi\/\" class=\"w-grid-item-anchor\" aria-label=\"No Script Etiket Tasar\u0131m\u0131\"><\/a>\r\n\t\t\t\t\t\t<div class=\"w-post-elm post_image usg_post_image_1 has_ratio\"><img loading=\"lazy\" decoding=\"async\" width=\"1024\" height=\"1024\" src=\"https:\/\/ismailenesayhan.com\/wp-content\/uploads\/2021\/01\/no-script-image.jpeg\" class=\"attachment-large size-large wp-post-image\" alt=\"\" \/><div style=\"padding-bottom:75%\"><\/div><\/div><h2 class=\"w-post-elm post_title usg_post_title_1 entry-title color_link_inherit\">No Script Etiket Tasar\u0131m\u0131<\/h2><div class=\"w-post-elm post_taxonomy usg_post_taxonomy_1 has_text_color style_simple\"><span class=\"term-8 term-web-tasarim\">Web Tasar\u0131m<\/span><\/div>\t\t<\/div>\r\n\t\t\t<\/article>\r\n<\/div>\t<div class=\"w-grid-preloader\">\r\n\t\t<div class=\"g-preloader type_1\">\r\n\t\t\t<div><\/div>\r\n\t\t<\/div>\r\n\t<\/div>\r\n\t\t<div class=\"w-grid-json hidden\" onclick='return {&quot;action&quot;:&quot;us_ajax_grid&quot;,&quot;infinite_scroll&quot;:0,&quot;max_num_pages&quot;:1,&quot;pagination&quot;:&quot;regular&quot;,&quot;template_vars&quot;:{&quot;columns&quot;:&quot;3&quot;,&quot;exclude_items&quot;:&quot;none&quot;,&quot;img_size&quot;:&quot;default&quot;,&quot;ignore_items_size&quot;:0,&quot;items_layout&quot;:&quot;153&quot;,&quot;items_offset&quot;:&quot;1&quot;,&quot;load_animation&quot;:&quot;afb&quot;,&quot;overriding_link&quot;:&quot;%7B%22type%22%3A%22post%22%7D&quot;,&quot;post_id&quot;:0,&quot;query_args&quot;:{&quot;post_type&quot;:[&quot;post&quot;],&quot;post_status&quot;:[&quot;publish&quot;,&quot;acf-disabled&quot;],&quot;posts_per_page&quot;:&quot;21&quot;},&quot;orderby_query_args&quot;:{&quot;orderby&quot;:{&quot;date&quot;:&quot;DESC&quot;}},&quot;type&quot;:&quot;grid&quot;,&quot;us_grid_post_type&quot;:&quot;post&quot;,&quot;us_grid_ajax_index&quot;:1,&quot;us_grid_filter_query_string&quot;:null,&quot;us_grid_index&quot;:1,&quot;page_args&quot;:[]}}'><\/div>\r\n\t<\/div><div class=\"w-separator size_medium\"><\/div><\/div><\/div><\/div><\/div><\/div><\/section>\n","protected":false},"excerpt":{"rendered":"No Script! &lt;noscript&gt; etiketini tan\u0131tmak istiyorum. Web taray\u0131c\u0131lar\u0131nda Javascript devre d\u0131\u015f\u0131 b\u0131rak\u0131ld\u0131\u011f\u0131 zaman, web sayfas\u0131 otomatik olarak bu etiket aras\u0131nda kalan kodu ve di\u011fer Javascript i\u00e7ermeyen kodlar\u0131 ekrana yans\u0131t\u0131r. \ud83e\udd16 Emojisini ekleyerek olay\u0131n ciddiyetini belirtmek istedim \ud83d\ude42 You need to enable Javascript to use this website. \u2014 Bu yaz\u0131y\u0131 isterseniz T\u00fcrk\u00e7e yazabilirsiniz. Click here for...","protected":false},"author":2,"featured_media":0,"parent":0,"menu_order":3,"comment_status":"closed","ping_status":"closed","template":"","meta":{"_acf_changed":false,"footnotes":"","_wp_rev_ctl_limit":""},"class_list":["post-16","page","type-page","status-publish","hentry"],"acf":[],"_links":{"self":[{"href":"https:\/\/ismailenesayhan.com\/en\/wp-json\/wp\/v2\/pages\/16","targetHints":{"allow":["GET"]}}],"collection":[{"href":"https:\/\/ismailenesayhan.com\/en\/wp-json\/wp\/v2\/pages"}],"about":[{"href":"https:\/\/ismailenesayhan.com\/en\/wp-json\/wp\/v2\/types\/page"}],"author":[{"embeddable":true,"href":"https:\/\/ismailenesayhan.com\/en\/wp-json\/wp\/v2\/users\/2"}],"replies":[{"embeddable":true,"href":"https:\/\/ismailenesayhan.com\/en\/wp-json\/wp\/v2\/comments?post=16"}],"version-history":[{"count":0,"href":"https:\/\/ismailenesayhan.com\/en\/wp-json\/wp\/v2\/pages\/16\/revisions"}],"wp:attachment":[{"href":"https:\/\/ismailenesayhan.com\/en\/wp-json\/wp\/v2\/media?parent=16"}],"curies":[{"name":"wp","href":"https:\/\/api.w.org\/{rel}","templated":true}]}}