{"id":18,"date":"2024-02-22T16:22:20","date_gmt":"2024-02-22T13:22:20","guid":{"rendered":"https:\/\/ismailenesayhan.com\/?page_id=18"},"modified":"2025-07-24T15:10:08","modified_gmt":"2025-07-24T12:10:08","slug":"hakkimda","status":"publish","type":"page","link":"https:\/\/ismailenesayhan.com\/en\/hakkimda\/","title":{"rendered":"About"},"content":{"rendered":"<section class=\"l-section wpb_row us_custom_e33a8179 us_animate_this height_large\"><div class=\"l-section-h i-cf\"><div class=\"g-cols vc_row via_flex valign_top type_default stacking_default\"><div class=\"vc_col-sm-12 wpb_column vc_column_container\"><div class=\"vc_column-inner\"><div class=\"wpb_wrapper\"><div class=\"w-hwrapper valign_middle align_center\"><h1 class=\"w-post-elm post_title us_custom_5a39f4f1 align_center entry-title color_link_inherit\">About<\/h1><\/div><\/div><\/div><\/div><\/div><\/div><\/section><section class=\"l-section wpb_row us_custom_f1a4f275 us_animate_this height_medium\"><div class=\"l-section-h i-cf\"><div class=\"g-cols vc_row via_flex valign_middle type_default reversed stacking_default\"><div class=\"vc_col-sm-6 wpb_column vc_column_container\"><div class=\"vc_column-inner\"><div class=\"wpb_wrapper\"><h2 class=\"w-text us_custom_c45eb982\"><span class=\"w-text-h\"><span class=\"w-text-value\">\u0130smail Enes Ayhan<\/span><\/span><\/h2><div class=\"wpb_text_column us_custom_db9780a4\"><div class=\"wpb_wrapper\"><p>I was born in 1996 and I live in Kayseri. I graduated from Erciyes University, Faculty of Fine Arts, Department of Visual Communication Design. I met the design world in 2012 and worked in graphic design for a long time.<\/p>\n<\/div><\/div><div class=\"w-separator size_small\"><\/div><div class=\"wpb_text_column us_custom_db9780a4\"><div class=\"wpb_wrapper\"><p>During this period, I developed my understanding of aesthetics and in 2018 I decided to expand my focus and specialise in interface design, user experience design and front-end design.<br \/>\nFor 3 years, I worked as an interface designer at Erciyes Anadolu Holding IT Department.<\/p>\n<\/div><\/div><div class=\"w-separator size_small\"><\/div><div class=\"wpb_text_column us_custom_db9780a4\"><div class=\"wpb_wrapper\"><p>\u015eu anda Kayseri&#8217;de kendi tasar\u0131m ajans\u0131mda yerel ve uluslararas\u0131 d\u00fczeyde \u00e7e\u015fitli firmalarla \u00e7al\u0131\u015farak hizmet vermeye devam ediyorum. A\u00e7\u0131k kaynak yaz\u0131l\u0131mlar kullanmay\u0131 ve \u00fcretmeyi seviyorum.<\/p>\n<\/div><\/div><div class=\"w-separator size_small\"><\/div><div class=\"w-hwrapper us_custom_a79dd345 valign_middle align_none\" style=\"--hwrapper-gap:3rem\"><div class=\"w-text us_custom_3d01e24d textButton\"><a target=\"_blank\" rel=\"nofollow\" href=\"https:\/\/www.linkedin.com\/in\/ismailenesayhan\/\" class=\"w-text-h\"><span class=\"w-text-value\">Linkedin Profile<\/span><\/a><\/div><div class=\"w-text us_custom_3d01e24d textButton\"><a target=\"_blank\" rel=\"nofollow\" href=\"https:\/\/ismailenesayhan.com\/wp-content\/uploads\/2024\/02\/resume.pdf\" class=\"w-text-h\"><span class=\"w-text-value\">Resume<\/span><\/a><\/div><\/div><\/div><\/div><\/div><div class=\"vc_col-sm-6 wpb_column vc_column_container\"><div class=\"vc_column-inner\"><div class=\"wpb_wrapper\"><div class=\"w-image image-apear-in has_ratio align_none\"><div class=\"w-image-h\"><div style=\"padding-bottom:133.3333%\"><\/div><img decoding=\"async\" width=\"750\" height=\"1000\" src=\"https:\/\/ismailenesayhan.com\/wp-content\/uploads\/2024\/02\/iea-about.jpg\" class=\"attachment-large size-large\" alt=\"\" loading=\"lazy\" \/><\/div><\/div><\/div><\/div><\/div><\/div><\/div><\/section>","protected":false},"excerpt":{"rendered":"Hakk\u0131mda\u0130smail Enes Ayhan1996 y\u0131l\u0131nda do\u011fdum ve Kayseri&#8217;de ya\u015f\u0131yorum. Erciyes \u00dcniversitesi G\u00fczel Sanatlar Fak\u00fcltesi G\u00f6rsel \u0130leti\u015fim Tasar\u0131m\u0131 B\u00f6l\u00fcm\u00fc mezunuyum. 2012 y\u0131l\u0131nda tasar\u0131m d\u00fcnyas\u0131yla tan\u0131\u015ft\u0131m ve uzun bir s\u00fcre grafik tasar\u0131m alan\u0131nda \u00e7al\u0131\u015ft\u0131m. Bu d\u00f6nemde estetik anlay\u0131\u015f\u0131m\u0131 geli\u015ftirdim ve 2018 y\u0131l\u0131nda odak noktam\u0131 geni\u015fleterek aray\u00fcz tasar\u0131m\u0131, kullan\u0131c\u0131 deneyimi tasar\u0131m\u0131 ve front-end tasar\u0131m\u0131 konular\u0131nda uzmanla\u015fmaya karar verdim. 3...","protected":false},"author":2,"featured_media":0,"parent":0,"menu_order":4,"comment_status":"closed","ping_status":"closed","template":"","meta":{"_acf_changed":false,"footnotes":"","_wp_rev_ctl_limit":""},"class_list":["post-18","page","type-page","status-publish","hentry"],"acf":[],"_links":{"self":[{"href":"https:\/\/ismailenesayhan.com\/en\/wp-json\/wp\/v2\/pages\/18","targetHints":{"allow":["GET"]}}],"collection":[{"href":"https:\/\/ismailenesayhan.com\/en\/wp-json\/wp\/v2\/pages"}],"about":[{"href":"https:\/\/ismailenesayhan.com\/en\/wp-json\/wp\/v2\/types\/page"}],"author":[{"embeddable":true,"href":"https:\/\/ismailenesayhan.com\/en\/wp-json\/wp\/v2\/users\/2"}],"replies":[{"embeddable":true,"href":"https:\/\/ismailenesayhan.com\/en\/wp-json\/wp\/v2\/comments?post=18"}],"version-history":[{"count":2,"href":"https:\/\/ismailenesayhan.com\/en\/wp-json\/wp\/v2\/pages\/18\/revisions"}],"predecessor-version":[{"id":665,"href":"https:\/\/ismailenesayhan.com\/en\/wp-json\/wp\/v2\/pages\/18\/revisions\/665"}],"wp:attachment":[{"href":"https:\/\/ismailenesayhan.com\/en\/wp-json\/wp\/v2\/media?parent=18"}],"curies":[{"name":"wp","href":"https:\/\/api.w.org\/{rel}","templated":true}]}}