{"id":2,"date":"2024-02-20T07:30:40","date_gmt":"2024-02-20T07:30:40","guid":{"rendered":"https:\/\/ismailenesayhan.com\/?page_id=2"},"modified":"2024-06-18T20:13:04","modified_gmt":"2024-06-18T17:13:04","slug":"ana-sayfa","status":"publish","type":"page","link":"https:\/\/ismailenesayhan.com\/en\/","title":{"rendered":"Ana Sayfa"},"content":{"rendered":"<section class=\"l-section wpb_row us_custom_e33a8179 us_animate_this height_large width_custom\" style=\"--site-content-width:1110px;\"><div class=\"l-section-h i-cf\"><div class=\"g-cols vc_row via_flex valign_top type_default stacking_default\"><div class=\"vc_col-sm-12 wpb_column vc_column_container\"><div class=\"vc_column-inner\"><div class=\"wpb_wrapper\">\n\t<div class=\"wpb_raw_code wpb_raw_html wpb_content_element us_custom_909b2fd0\" >\n\t\t<div class=\"wpb_wrapper\">\n\t\t\t<h1 class=\"mainTitle\">\n  Uzman <strong>Kullan\u0131c\u0131 Aray\u00fcz Tasar\u0131mc\u0131s\u0131<\/strong>\n  <div class=\"mainTitleLogo\">\n    <Image src=\"https:\/\/ismailenesayhan.com\/wp-content\/uploads\/2024\/02\/figma.svg\" width=\"30\" height=\"50\" alt=\"Figma Logo\" \/>\n  <\/div>\n  ve<strong> WordPress Geli\u015ftiricisi<\/strong>\n  <div class=\"mainTitleLogo\">\n    <Image src=\"https:\/\/ismailenesayhan.com\/wp-content\/uploads\/2024\/02\/wordpress.svg\" width=\"40\" height=\"40\" alt=\"WordPress Logo\" \/>\n  <\/div>\n<\/h1>\n\t\t<\/div>\n\t<\/div>\n<div class=\"w-separator size_large\"><\/div><div class=\"w-hwrapper valign_middle stack_on_mobiles align_center\"><div class=\"w-video us_custom_43c09470 align_none ratio_1x1 has_border_radius\"><div class=\"w-video-h\"><video  preload=\"metadata\" playsinline autoplay loop muted><source type=\"video\/mp4\" src=\"https:\/\/ismailenesayhan.com\/wp-content\/uploads\/2024\/02\/1.mp4\" \/><\/video><\/div><\/div><div class=\"wpb_text_column us_custom_b1cd5b49\"><div class=\"wpb_wrapper\"><p>Her \u00f6genin bir kullan\u0131c\u0131 deneyimine hizmet etti\u011fi dijital aray\u00fczler tasarl\u0131yorum.<br \/>\nTasar\u0131mlar\u0131m uygulamalara g\u00f6rsel ve i\u015flevsel etki kazand\u0131r\u0131yor.<\/p>\n<\/div><\/div><\/div><\/div><\/div><\/div><\/div><\/div><\/section><section class=\"l-section wpb_row us_custom_f1a4f275 us_animate_this height_medium\"><div class=\"l-section-h i-cf\"><div class=\"g-cols vc_row via_flex valign_top type_default stacking_default\"><div class=\"vc_col-sm-12 wpb_column vc_column_container\"><div class=\"vc_column-inner\"><div class=\"wpb_wrapper\"><div class=\"w-grid us_grid type_grid layout_270 cols_2 preload_style_spinner\" id=\"us_grid_1\" style=\"--columns:2;--gap:2.5rem;\"><style>@media (max-width:600px){#us_grid_1{--columns:1!important}}.layout_270 .w-grid-item-h{}.layout_270 .usg_post_image_1{margin-bottom:1rem!important}.layout_270 .usg_post_title_1{font-size:1.6rem!important;line-height:1.5!important;font-weight:500!important;margin-bottom:.4rem!important}.layout_270 .usg_post_taxonomy_1{color:rgba(0,0,0,0.55)!important;font-size:1.2rem!important}<\/style><div class=\"w-grid-list\">\t<article class=\"w-grid-item size_1x1 post-450 us_portfolio type-us_portfolio status-publish has-post-thumbnail hentry us_portfolio_category-web-tasarim\" data-id=\"450\">\r\n\t\t<div class=\"w-grid-item-h\">\r\n\t\t\t\t\t\t<div class=\"w-post-elm post_image usg_post_image_1 portfolioImage -inverse stretched\"><a href=\"https:\/\/ismailenesayhan.com\/en\/portfolyo\/isisan\/\" aria-label=\"Is\u0131san\"><img loading=\"lazy\" decoding=\"async\" width=\"1024\" height=\"1024\" src=\"https:\/\/ismailenesayhan.com\/wp-content\/uploads\/2023\/03\/isisan-1024x1024.jpg\" class=\"attachment-large size-large wp-post-image\" alt=\"\" srcset=\"https:\/\/ismailenesayhan.com\/wp-content\/uploads\/2023\/03\/isisan-1024x1024.jpg 1024w, https:\/\/ismailenesayhan.com\/wp-content\/uploads\/2023\/03\/isisan-300x300.jpg 300w, https:\/\/ismailenesayhan.com\/wp-content\/uploads\/2023\/03\/isisan-150x150.jpg 150w\" sizes=\"auto, (max-width: 1024px) 100vw, 1024px\" \/><\/a><\/div><h2 class=\"w-post-elm post_title usg_post_title_1 entry-title color_link_inherit\"><a href=\"https:\/\/ismailenesayhan.com\/en\/portfolyo\/isisan\/\">Is\u0131san<\/a><\/h2><div class=\"w-post-elm post_taxonomy usg_post_taxonomy_1 has_text_color style_simple\"><span class=\"term-13 term-web-tasarim\">Web Tasar\u0131m<\/span><\/div>\t\t<\/div>\r\n\t\t\t<\/article>\r\n\t<article class=\"w-grid-item size_1x1 post-421 us_portfolio type-us_portfolio status-publish has-post-thumbnail hentry us_portfolio_category-web-tasarim\" data-id=\"421\">\r\n\t\t<div class=\"w-grid-item-h\">\r\n\t\t\t\t\t\t<div class=\"w-post-elm post_image usg_post_image_1 portfolioImage -inverse stretched\"><a href=\"https:\/\/ismailenesayhan.com\/en\/portfolyo\/aspilsan-enerji\/\" aria-label=\"Aspilsan Enerji\"><img loading=\"lazy\" decoding=\"async\" width=\"1024\" height=\"1024\" src=\"https:\/\/ismailenesayhan.com\/wp-content\/uploads\/2024\/03\/aspilsan-enerji-1024x1024.jpg\" class=\"attachment-large size-large wp-post-image\" alt=\"\" srcset=\"https:\/\/ismailenesayhan.com\/wp-content\/uploads\/2024\/03\/aspilsan-enerji-1024x1024.jpg 1024w, https:\/\/ismailenesayhan.com\/wp-content\/uploads\/2024\/03\/aspilsan-enerji-300x300.jpg 300w, https:\/\/ismailenesayhan.com\/wp-content\/uploads\/2024\/03\/aspilsan-enerji-150x150.jpg 150w\" sizes=\"auto, (max-width: 1024px) 100vw, 1024px\" \/><\/a><\/div><h2 class=\"w-post-elm post_title usg_post_title_1 entry-title color_link_inherit\"><a href=\"https:\/\/ismailenesayhan.com\/en\/portfolyo\/aspilsan-enerji\/\">Aspilsan Enerji<\/a><\/h2><div class=\"w-post-elm post_taxonomy usg_post_taxonomy_1 has_text_color style_simple\"><span class=\"term-13 term-web-tasarim\">Web Tasar\u0131m<\/span><\/div>\t\t<\/div>\r\n\t\t\t<\/article>\r\n\t<article class=\"w-grid-item size_1x1 post-418 us_portfolio type-us_portfolio status-publish has-post-thumbnail hentry us_portfolio_category-web-tasarim\" data-id=\"418\">\r\n\t\t<div class=\"w-grid-item-h\">\r\n\t\t\t\t\t\t<div class=\"w-post-elm post_image usg_post_image_1 portfolioImage -inverse stretched\"><a href=\"https:\/\/ismailenesayhan.com\/en\/portfolyo\/arven-yapi\/\" aria-label=\"Arven Yap\u0131\"><img loading=\"lazy\" decoding=\"async\" width=\"1024\" height=\"1024\" src=\"https:\/\/ismailenesayhan.com\/wp-content\/uploads\/2024\/03\/arven-yapi-1024x1024.jpg\" class=\"attachment-large size-large wp-post-image\" alt=\"\" srcset=\"https:\/\/ismailenesayhan.com\/wp-content\/uploads\/2024\/03\/arven-yapi-1024x1024.jpg 1024w, https:\/\/ismailenesayhan.com\/wp-content\/uploads\/2024\/03\/arven-yapi-300x300.jpg 300w, https:\/\/ismailenesayhan.com\/wp-content\/uploads\/2024\/03\/arven-yapi-150x150.jpg 150w\" sizes=\"auto, (max-width: 1024px) 100vw, 1024px\" \/><\/a><\/div><h2 class=\"w-post-elm post_title usg_post_title_1 entry-title color_link_inherit\"><a href=\"https:\/\/ismailenesayhan.com\/en\/portfolyo\/arven-yapi\/\">Arven Yap\u0131<\/a><\/h2><div class=\"w-post-elm post_taxonomy usg_post_taxonomy_1 has_text_color style_simple\"><span class=\"term-13 term-web-tasarim\">Web Tasar\u0131m<\/span><\/div>\t\t<\/div>\r\n\t\t\t<\/article>\r\n\t<article class=\"w-grid-item size_1x1 post-433 us_portfolio type-us_portfolio status-publish has-post-thumbnail hentry us_portfolio_category-web-tasarim\" data-id=\"433\">\r\n\t\t<div class=\"w-grid-item-h\">\r\n\t\t\t\t\t\t<div class=\"w-post-elm post_image usg_post_image_1 portfolioImage -inverse stretched\"><a href=\"https:\/\/ismailenesayhan.com\/en\/portfolyo\/cadinin-evi\/\" aria-label=\"Cad\u0131&#8217;n\u0131n Evi\"><img loading=\"lazy\" decoding=\"async\" width=\"1024\" height=\"1024\" src=\"https:\/\/ismailenesayhan.com\/wp-content\/uploads\/2022\/03\/cadinin-evi-1024x1024.jpg\" class=\"attachment-large size-large wp-post-image\" alt=\"\" srcset=\"https:\/\/ismailenesayhan.com\/wp-content\/uploads\/2022\/03\/cadinin-evi-1024x1024.jpg 1024w, https:\/\/ismailenesayhan.com\/wp-content\/uploads\/2022\/03\/cadinin-evi-300x300.jpg 300w, https:\/\/ismailenesayhan.com\/wp-content\/uploads\/2022\/03\/cadinin-evi-150x150.jpg 150w\" sizes=\"auto, (max-width: 1024px) 100vw, 1024px\" \/><\/a><\/div><h2 class=\"w-post-elm post_title usg_post_title_1 entry-title color_link_inherit\"><a href=\"https:\/\/ismailenesayhan.com\/en\/portfolyo\/cadinin-evi\/\">Cad\u0131&#8217;n\u0131n Evi<\/a><\/h2><div class=\"w-post-elm post_taxonomy usg_post_taxonomy_1 has_text_color style_simple\"><span class=\"term-13 term-web-tasarim\">Web Tasar\u0131m<\/span><\/div>\t\t<\/div>\r\n\t\t\t<\/article>\r\n\t<article class=\"w-grid-item size_1x1 post-472 us_portfolio type-us_portfolio status-publish has-post-thumbnail hentry us_portfolio_category-web-tasarim\" data-id=\"472\">\r\n\t\t<div class=\"w-grid-item-h\">\r\n\t\t\t\t\t\t<div class=\"w-post-elm post_image usg_post_image_1 portfolioImage -inverse stretched\"><a href=\"https:\/\/ismailenesayhan.com\/en\/portfolyo\/kayserim-net\/\" aria-label=\"Kayserim.net\"><img loading=\"lazy\" decoding=\"async\" width=\"1024\" height=\"1024\" src=\"https:\/\/ismailenesayhan.com\/wp-content\/uploads\/2024\/03\/kayserim-net-1024x1024.jpg\" class=\"attachment-large size-large wp-post-image\" alt=\"\" srcset=\"https:\/\/ismailenesayhan.com\/wp-content\/uploads\/2024\/03\/kayserim-net-1024x1024.jpg 1024w, https:\/\/ismailenesayhan.com\/wp-content\/uploads\/2024\/03\/kayserim-net-300x300.jpg 300w, https:\/\/ismailenesayhan.com\/wp-content\/uploads\/2024\/03\/kayserim-net-150x150.jpg 150w\" sizes=\"auto, (max-width: 1024px) 100vw, 1024px\" \/><\/a><\/div><h2 class=\"w-post-elm post_title usg_post_title_1 entry-title color_link_inherit\"><a href=\"https:\/\/ismailenesayhan.com\/en\/portfolyo\/kayserim-net\/\">Kayserim.net<\/a><\/h2><div class=\"w-post-elm post_taxonomy usg_post_taxonomy_1 has_text_color style_simple\"><span class=\"term-13 term-web-tasarim\">Web Tasar\u0131m<\/span><\/div>\t\t<\/div>\r\n\t\t\t<\/article>\r\n\t<article class=\"w-grid-item size_1x1 post-443 us_portfolio type-us_portfolio status-publish has-post-thumbnail hentry us_portfolio_category-web-tasarim\" data-id=\"443\">\r\n\t\t<div class=\"w-grid-item-h\">\r\n\t\t\t\t\t\t<div class=\"w-post-elm post_image usg_post_image_1 portfolioImage -inverse stretched\"><a href=\"https:\/\/ismailenesayhan.com\/en\/portfolyo\/milli-teknoloji-akademisi\/\" aria-label=\"Milli Teknoloji Akademisi\"><img loading=\"lazy\" decoding=\"async\" width=\"1024\" height=\"1024\" src=\"https:\/\/ismailenesayhan.com\/wp-content\/uploads\/2023\/03\/milli-teknoloj-akademisi-1024x1024.jpg\" class=\"attachment-large size-large wp-post-image\" alt=\"\" srcset=\"https:\/\/ismailenesayhan.com\/wp-content\/uploads\/2023\/03\/milli-teknoloj-akademisi-1024x1024.jpg 1024w, https:\/\/ismailenesayhan.com\/wp-content\/uploads\/2023\/03\/milli-teknoloj-akademisi-300x300.jpg 300w, https:\/\/ismailenesayhan.com\/wp-content\/uploads\/2023\/03\/milli-teknoloj-akademisi-150x150.jpg 150w\" sizes=\"auto, (max-width: 1024px) 100vw, 1024px\" \/><\/a><\/div><h2 class=\"w-post-elm post_title usg_post_title_1 entry-title color_link_inherit\"><a href=\"https:\/\/ismailenesayhan.com\/en\/portfolyo\/milli-teknoloji-akademisi\/\">Milli Teknoloji Akademisi<\/a><\/h2><div class=\"w-post-elm post_taxonomy usg_post_taxonomy_1 has_text_color style_simple\"><span class=\"term-13 term-web-tasarim\">Web Tasar\u0131m<\/span><\/div>\t\t<\/div>\r\n\t\t\t<\/article>\r\n\t<article class=\"w-grid-item size_1x1 post-427 us_portfolio type-us_portfolio status-publish has-post-thumbnail hentry us_portfolio_category-web-tasarim\" data-id=\"427\">\r\n\t\t<div class=\"w-grid-item-h\">\r\n\t\t\t\t\t\t<div class=\"w-post-elm post_image usg_post_image_1 portfolioImage -inverse stretched\"><a href=\"https:\/\/ismailenesayhan.com\/en\/portfolyo\/seker-logistics\/\" aria-label=\"\u015eeker Logistics\"><img loading=\"lazy\" decoding=\"async\" width=\"1024\" height=\"1024\" src=\"https:\/\/ismailenesayhan.com\/wp-content\/uploads\/2024\/03\/seker-logistics-1024x1024.jpg\" class=\"attachment-large size-large wp-post-image\" alt=\"\" srcset=\"https:\/\/ismailenesayhan.com\/wp-content\/uploads\/2024\/03\/seker-logistics-1024x1024.jpg 1024w, https:\/\/ismailenesayhan.com\/wp-content\/uploads\/2024\/03\/seker-logistics-300x300.jpg 300w, https:\/\/ismailenesayhan.com\/wp-content\/uploads\/2024\/03\/seker-logistics-150x150.jpg 150w\" sizes=\"auto, (max-width: 1024px) 100vw, 1024px\" \/><\/a><\/div><h2 class=\"w-post-elm post_title usg_post_title_1 entry-title color_link_inherit\"><a href=\"https:\/\/ismailenesayhan.com\/en\/portfolyo\/seker-logistics\/\">\u015eeker Logistics<\/a><\/h2><div class=\"w-post-elm post_taxonomy usg_post_taxonomy_1 has_text_color style_simple\"><span class=\"term-13 term-web-tasarim\">Web Tasar\u0131m<\/span><\/div>\t\t<\/div>\r\n\t\t\t<\/article>\r\n\t<article class=\"w-grid-item size_1x1 post-475 us_portfolio type-us_portfolio status-publish has-post-thumbnail hentry us_portfolio_category-web-tasarim\" data-id=\"475\">\r\n\t\t<div class=\"w-grid-item-h\">\r\n\t\t\t\t\t\t<div class=\"w-post-elm post_image usg_post_image_1 portfolioImage -inverse stretched\"><a href=\"https:\/\/ismailenesayhan.com\/en\/portfolyo\/mobile-adventure\/\" aria-label=\"Mobile Adventure\"><img loading=\"lazy\" decoding=\"async\" width=\"1024\" height=\"1024\" src=\"https:\/\/ismailenesayhan.com\/wp-content\/uploads\/2024\/03\/mobad-1024x1024.jpg\" class=\"attachment-large size-large wp-post-image\" alt=\"\" srcset=\"https:\/\/ismailenesayhan.com\/wp-content\/uploads\/2024\/03\/mobad-1024x1024.jpg 1024w, https:\/\/ismailenesayhan.com\/wp-content\/uploads\/2024\/03\/mobad-300x300.jpg 300w, https:\/\/ismailenesayhan.com\/wp-content\/uploads\/2024\/03\/mobad-150x150.jpg 150w\" sizes=\"auto, (max-width: 1024px) 100vw, 1024px\" \/><\/a><\/div><h2 class=\"w-post-elm post_title usg_post_title_1 entry-title color_link_inherit\"><a href=\"https:\/\/ismailenesayhan.com\/en\/portfolyo\/mobile-adventure\/\">Mobile Adventure<\/a><\/h2><div class=\"w-post-elm post_taxonomy usg_post_taxonomy_1 has_text_color style_simple\"><span class=\"term-13 term-web-tasarim\">Web Tasar\u0131m<\/span><\/div>\t\t<\/div>\r\n\t\t\t<\/article>\r\n<\/div>\t<div class=\"w-grid-preloader\">\r\n\t\t<div class=\"g-preloader type_1\">\r\n\t\t\t<div><\/div>\r\n\t\t<\/div>\r\n\t<\/div>\r\n\t\t<div class=\"w-grid-json hidden\" onclick='return {&quot;action&quot;:&quot;us_ajax_grid&quot;,&quot;infinite_scroll&quot;:0,&quot;max_num_pages&quot;:1,&quot;pagination&quot;:&quot;none&quot;,&quot;template_vars&quot;:{&quot;columns&quot;:&quot;2&quot;,&quot;exclude_items&quot;:&quot;none&quot;,&quot;img_size&quot;:&quot;default&quot;,&quot;ignore_items_size&quot;:0,&quot;items_layout&quot;:&quot;270&quot;,&quot;items_offset&quot;:&quot;1&quot;,&quot;load_animation&quot;:&quot;none&quot;,&quot;overriding_link&quot;:&quot;%7B%22url%22%3A%22%22%7D&quot;,&quot;post_id&quot;:0,&quot;query_args&quot;:{&quot;ignore_sticky_posts&quot;:1,&quot;post_type&quot;:&quot;any&quot;,&quot;post__in&quot;:[&quot;450&quot;,&quot;421&quot;,&quot;418&quot;,&quot;433&quot;,&quot;472&quot;,&quot;443&quot;,&quot;427&quot;,&quot;475&quot;],&quot;posts_per_page&quot;:&quot;10&quot;},&quot;orderby_query_args&quot;:{&quot;orderby&quot;:{&quot;post__in&quot;:&quot;ASC&quot;},&quot;order&quot;:&quot;ASC&quot;},&quot;type&quot;:&quot;grid&quot;,&quot;us_grid_post_type&quot;:&quot;ids&quot;,&quot;us_grid_ajax_index&quot;:1,&quot;us_grid_filter_query_string&quot;:null,&quot;us_grid_index&quot;:1,&quot;page_args&quot;:[]}}'><\/div>\r\n\t<\/div><div class=\"w-separator size_medium\"><\/div><div class=\"w-btn-wrapper align_center\"><a class=\"w-btn us-btn-style_1 icon_atright\" href=\"https:\/\/ismailenesayhan.com\/portfolio\"><span class=\"w-btn-label\">Devam\u0131n\u0131 G\u00f6r\u00fcnt\u00fcle<\/span><i class=\"far fa-arrow-right\"><\/i><\/a><\/div><\/div><\/div><\/div><\/div><\/div><\/section>\n","protected":false},"excerpt":{"rendered":"","protected":false},"author":2,"featured_media":0,"parent":0,"menu_order":1,"comment_status":"closed","ping_status":"closed","template":"","meta":{"_acf_changed":false,"footnotes":"","_wp_rev_ctl_limit":""},"class_list":["post-2","page","type-page","status-publish","hentry"],"acf":[],"_links":{"self":[{"href":"https:\/\/ismailenesayhan.com\/en\/wp-json\/wp\/v2\/pages\/2","targetHints":{"allow":["GET"]}}],"collection":[{"href":"https:\/\/ismailenesayhan.com\/en\/wp-json\/wp\/v2\/pages"}],"about":[{"href":"https:\/\/ismailenesayhan.com\/en\/wp-json\/wp\/v2\/types\/page"}],"author":[{"embeddable":true,"href":"https:\/\/ismailenesayhan.com\/en\/wp-json\/wp\/v2\/users\/2"}],"replies":[{"embeddable":true,"href":"https:\/\/ismailenesayhan.com\/en\/wp-json\/wp\/v2\/comments?post=2"}],"version-history":[{"count":1,"href":"https:\/\/ismailenesayhan.com\/en\/wp-json\/wp\/v2\/pages\/2\/revisions"}],"predecessor-version":[{"id":652,"href":"https:\/\/ismailenesayhan.com\/en\/wp-json\/wp\/v2\/pages\/2\/revisions\/652"}],"wp:attachment":[{"href":"https:\/\/ismailenesayhan.com\/en\/wp-json\/wp\/v2\/media?parent=2"}],"curies":[{"name":"wp","href":"https:\/\/api.w.org\/{rel}","templated":true}]}}