{"id":20,"date":"2024-02-22T16:22:30","date_gmt":"2024-02-22T13:22:30","guid":{"rendered":"https:\/\/ismailenesayhan.com\/?page_id=20"},"modified":"2025-06-02T07:37:46","modified_gmt":"2025-06-02T04:37:46","slug":"iletisim","status":"publish","type":"page","link":"https:\/\/ismailenesayhan.com\/en\/iletisim\/","title":{"rendered":"Contact"},"content":{"rendered":"<section class=\"l-section wpb_row us_custom_e33a8179 us_animate_this height_large\"><div class=\"l-section-h i-cf\"><div class=\"g-cols vc_row via_flex valign_top type_default stacking_default\"><div class=\"vc_col-sm-12 wpb_column vc_column_container\"><div class=\"vc_column-inner\"><div class=\"wpb_wrapper\"><div class=\"w-hwrapper valign_middle align_center\"><h1 class=\"w-post-elm post_title us_custom_5a39f4f1 align_center entry-title color_link_inherit\">Contact<\/h1><\/div><\/div><\/div><\/div><\/div><\/div><\/section><section class=\"l-section wpb_row us_custom_f1a4f275 us_animate_this height_small width_custom\" style=\"--site-content-width:950px;\"><div class=\"l-section-h i-cf\"><div class=\"g-cols vc_row via_flex valign_top type_default stacking_default\"><div class=\"vc_col-sm-12 wpb_column vc_column_container\"><div class=\"vc_column-inner\"><div class=\"wpb_wrapper\"><div class=\"wpb_text_column us_custom_d808f776\"><div class=\"wpb_wrapper\"><p>You can ask questions about my design, technology and content, contact me for projects and consultancy requests.<\/p>\n<\/div><\/div><div class=\"w-separator size_medium\"><\/div><div class=\"w-text us_custom_1671c21c textButton\"><a href=\"mailto:info@ismailenesayhan.com\" class=\"w-text-h\"><span class=\"w-text-value\">info@ismailenesayhan.com<\/span><\/a><\/div><div class=\"w-text us_custom_5c6401b0\"><span class=\"w-text-h\"><span class=\"w-text-value\">Melikgazi 38050 &#8211; Kayseri \/ T\u00dcRK\u0130YE<\/span><\/span><\/div><div class=\"w-separator size_medium\"><\/div><div class=\"w-hwrapper valign_middle stack_on_mobiles align_center\"><div class=\"w-btn-wrapper default_align_none laptops_align_none tablets_align_none mobiles_align_justify\"><a class=\"w-btn us-btn-style_1 whatsapp icon_atleft\" target=\"_blank\" rel=\"nofollow\" href=\"https:\/\/wa.me\/+905313871501\"><i class=\"fab fa-whatsapp\"><\/i><span class=\"w-btn-label\">WhatsApp Message<\/span><\/a><\/div><div class=\"w-btn-wrapper default_align_none laptops_align_none tablets_align_none mobiles_align_justify\"><a class=\"w-btn us-btn-style_1 icon_atright\" href=\"https:\/\/ismailenesayhan.com\/en\/teklif-olusturun\/\"><span class=\"w-btn-label\">Get Offer<\/span><i class=\"far fa-arrow-right\"><\/i><\/a><\/div><\/div><div class=\"w-separator size_medium\"><\/div><\/div><\/div><\/div><\/div><\/div><\/section>","protected":false},"excerpt":{"rendered":"\u0130leti\u015fimTasar\u0131m, teknoloji ve i\u00e7eriklerim hakk\u0131nda sorular sorabilirsiniz, proje ve dan\u0131\u015fmanl\u0131k talepleriniz i\u00e7in ileti\u015fime ge\u00e7iniz. info@ismailenesayhan.comMelikgazi 38050 &#8211; Kayseri \/ T\u00dcRK\u0130YEWhatsApp Mesaj\u0131Teklif Olu\u015fturun","protected":false},"author":2,"featured_media":0,"parent":0,"menu_order":5,"comment_status":"closed","ping_status":"closed","template":"","meta":{"_acf_changed":false,"footnotes":"","_wp_rev_ctl_limit":""},"class_list":["post-20","page","type-page","status-publish","hentry"],"acf":[],"_links":{"self":[{"href":"https:\/\/ismailenesayhan.com\/en\/wp-json\/wp\/v2\/pages\/20","targetHints":{"allow":["GET"]}}],"collection":[{"href":"https:\/\/ismailenesayhan.com\/en\/wp-json\/wp\/v2\/pages"}],"about":[{"href":"https:\/\/ismailenesayhan.com\/en\/wp-json\/wp\/v2\/types\/page"}],"author":[{"embeddable":true,"href":"https:\/\/ismailenesayhan.com\/en\/wp-json\/wp\/v2\/users\/2"}],"replies":[{"embeddable":true,"href":"https:\/\/ismailenesayhan.com\/en\/wp-json\/wp\/v2\/comments?post=20"}],"version-history":[{"count":3,"href":"https:\/\/ismailenesayhan.com\/en\/wp-json\/wp\/v2\/pages\/20\/revisions"}],"predecessor-version":[{"id":661,"href":"https:\/\/ismailenesayhan.com\/en\/wp-json\/wp\/v2\/pages\/20\/revisions\/661"}],"wp:attachment":[{"href":"https:\/\/ismailenesayhan.com\/en\/wp-json\/wp\/v2\/media?parent=20"}],"curies":[{"name":"wp","href":"https:\/\/api.w.org\/{rel}","templated":true}]}}