{"id":35,"date":"2024-02-23T20:38:17","date_gmt":"2024-02-23T17:38:17","guid":{"rendered":"https:\/\/ismailenesayhan.com\/?page_id=35"},"modified":"2024-03-05T10:06:54","modified_gmt":"2024-03-05T07:06:54","slug":"vcard","status":"publish","type":"page","link":"https:\/\/ismailenesayhan.com\/en\/vcard\/","title":{"rendered":"VCard"},"content":{"rendered":"<section class=\"l-section wpb_row us_custom_0d66a9f7 -inverse us_animate_this height_medium width_custom color_primary\" style=\"--site-content-width:500px;\"><div class=\"l-section-overlay\" style=\"background:#171717\"><\/div><div class=\"l-section-h i-cf\"><div class=\"g-cols vc_row via_flex valign_top type_default stacking_default\"><div class=\"vc_col-sm-12 wpb_column vc_column_container\"><div class=\"vc_column-inner\"><div class=\"wpb_wrapper\"><div class=\"w-separator size_custom\" style=\"height:0px\" id=\"u0e7\"><style>@media(max-width:1024px){ #u0e7{height:3rem!important}}@media(max-width:600px){ #u0e7{height:3rem!important}}<\/style><\/div><h2 class=\"w-text us_custom_45b709e0\"><span class=\"w-text-h\"><span class=\"w-text-value\">Welcome<\/span><\/span><\/h2><div class=\"w-text us_custom_b5b7f191 has_text_color\"><span class=\"w-text-h\"><span class=\"w-text-value\">VCard<\/span><\/span><\/div><div class=\"w-separator size_medium\"><\/div><div class=\"w-iconbox vcardItem iconpos_right style_default color_primary align_left\"><div class=\"w-iconbox-meta\"><h4 class=\"w-iconbox-title\"><a href=\"https:\/\/ismailenesayhan.com\/wp-content\/uploads\/2024\/02\/ismail-enes-ayhan.vcf\" class=\"w-iconbox-link\" aria-label=\"Save Contact\">Save Contact<\/a><\/h4><div class=\"w-iconbox-text\"><p>+90 531 387 1501<\/p>\n<\/div><\/div><a href=\"https:\/\/ismailenesayhan.com\/wp-content\/uploads\/2024\/02\/ismail-enes-ayhan.vcf\" class=\"w-iconbox-link\" aria-label=\"Save Contact\"><div class=\"w-iconbox-icon\" style=\"font-size:1.2rem;\"><i class=\"far fa-user-plus\"><\/i><\/div><\/a><\/div><div class=\"w-iconbox vcardItem iconpos_right style_default color_primary align_left\"><div class=\"w-iconbox-meta\"><h4 class=\"w-iconbox-title\"><a href=\"mailto:info@ismailenesayhan.com\" class=\"w-iconbox-link\" aria-label=\"Send Email\">Send Email<\/a><\/h4><div class=\"w-iconbox-text\"><p>info@ismailenesayhan.com<\/p>\n<\/div><\/div><a href=\"mailto:info@ismailenesayhan.com\" class=\"w-iconbox-link\" aria-label=\"Send Email\"><div class=\"w-iconbox-icon\" style=\"font-size:1.2rem;\"><i class=\"far fa-envelope\"><\/i><\/div><\/a><\/div><div class=\"w-iconbox vcardItem iconpos_right style_default color_primary align_left\"><div class=\"w-iconbox-meta\"><h4 class=\"w-iconbox-title\"><a target=\"_blank\" rel=\"nofollow\" href=\"https:\/\/wa.me\/+905313871501\" class=\"w-iconbox-link\" aria-label=\"WhatsApp Message\">WhatsApp Message<\/a><\/h4><div class=\"w-iconbox-text\"><p>+90 531 387 1501<\/p>\n<\/div><\/div><a target=\"_blank\" rel=\"nofollow\" href=\"https:\/\/wa.me\/+905313871501\" class=\"w-iconbox-link\" aria-label=\"WhatsApp Message\"><div class=\"w-iconbox-icon\" style=\"font-size:1.2rem;\"><i class=\"fab fa-whatsapp\"><\/i><\/div><\/a><\/div><div class=\"w-iconbox vcardItem iconpos_right style_default color_primary align_left\"><div class=\"w-iconbox-meta\"><h4 class=\"w-iconbox-title\"><a onclick=\"copyToClipboard(&quot;TR560020500009799413900001&quot;)\" href=\"#\" class=\"w-iconbox-link\" aria-label=\"Copy IBAN\">Copy IBAN<\/a><\/h4><div class=\"w-iconbox-text\"><p>TR560020500009799413900001<br \/>\nKuveyt T\u00fcrk TL<\/p>\n<\/div><\/div><a onclick=\"copyToClipboard(&quot;TR560020500009799413900001&quot;)\" href=\"#\" class=\"w-iconbox-link\" aria-label=\"Copy IBAN\"><div class=\"w-iconbox-icon\" style=\"font-size:1.2rem;\"><i class=\"far fa-copy\"><\/i><\/div><\/a><\/div><div class=\"w-iconbox vcardItem iconpos_right style_default color_primary align_left\"><div class=\"w-iconbox-meta\"><h4 class=\"w-iconbox-title\"><a onclick=\"copyToClipboard(&quot;Sel\u00e7uklu Mahallesi, Elmas Sokak, No:7\/2 38050 Melikgazi\/Kayseri&quot;)\" href=\"#\" class=\"w-iconbox-link\" aria-label=\"Invoice Address\">Invoice Address<\/a><\/h4><div class=\"w-iconbox-text\"><p>Sel\u00e7uklu Nbh, Elmas Str,<br \/>\nNu:7\/2 38050 Melikgazi\/Kayseri\/Turkiye<\/p>\n<\/div><\/div><a onclick=\"copyToClipboard(&quot;Sel\u00e7uklu Mahallesi, Elmas Sokak, No:7\/2 38050 Melikgazi\/Kayseri&quot;)\" href=\"#\" class=\"w-iconbox-link\" aria-label=\"Invoice Address\"><div class=\"w-iconbox-icon\" style=\"font-size:1.2rem;\"><i class=\"far fa-copy\"><\/i><\/div><\/a><\/div><\/div><\/div><\/div><\/div><\/div><\/section>","protected":false},"excerpt":{"rendered":"Ho\u015f GeldinizDijital KartvizitKi\u015fiyi Kaydet+90 531 387 1501 E-Posta G\u00f6nderinfo@ismailenesayhan.com WhatsApp Mesaj\u0131+90 531 387 1501 IBAN KopyalaTR560020500009799413900001 Kuveyt T\u00fcrk TL Fatura AdresiSel\u00e7uklu Mahallesi, Elmas Sokak, No:7\/2 38050 Melikgazi\/Kayseri","protected":false},"author":2,"featured_media":0,"parent":0,"menu_order":7,"comment_status":"closed","ping_status":"closed","template":"","meta":{"_acf_changed":false,"footnotes":"","_wp_rev_ctl_limit":""},"class_list":["post-35","page","type-page","status-publish","hentry"],"acf":[],"_links":{"self":[{"href":"https:\/\/ismailenesayhan.com\/en\/wp-json\/wp\/v2\/pages\/35","targetHints":{"allow":["GET"]}}],"collection":[{"href":"https:\/\/ismailenesayhan.com\/en\/wp-json\/wp\/v2\/pages"}],"about":[{"href":"https:\/\/ismailenesayhan.com\/en\/wp-json\/wp\/v2\/types\/page"}],"author":[{"embeddable":true,"href":"https:\/\/ismailenesayhan.com\/en\/wp-json\/wp\/v2\/users\/2"}],"replies":[{"embeddable":true,"href":"https:\/\/ismailenesayhan.com\/en\/wp-json\/wp\/v2\/comments?post=35"}],"version-history":[{"count":1,"href":"https:\/\/ismailenesayhan.com\/en\/wp-json\/wp\/v2\/pages\/35\/revisions"}],"predecessor-version":[{"id":671,"href":"https:\/\/ismailenesayhan.com\/en\/wp-json\/wp\/v2\/pages\/35\/revisions\/671"}],"wp:attachment":[{"href":"https:\/\/ismailenesayhan.com\/en\/wp-json\/wp\/v2\/media?parent=35"}],"curies":[{"name":"wp","href":"https:\/\/api.w.org\/{rel}","templated":true}]}}